{"id":584,"date":"2020-01-30T10:41:40","date_gmt":"2020-01-30T09:41:40","guid":{"rendered":"https:\/\/thegoodmood.com\/?page_id=584"},"modified":"2020-09-15T18:22:17","modified_gmt":"2020-09-15T16:22:17","slug":"politica-de-privacidad","status":"publish","type":"page","link":"https:\/\/thegoodmood.com\/eng\/politica-de-privacidad\/","title":{"rendered":"Privacy Policy"},"content":{"rendered":"<div data-elementor-type=\"wp-page\" data-elementor-id=\"584\" class=\"elementor elementor-584\" data-elementor-post-type=\"page\">\n\t\t\t\t\t\t<div class=\"elementor-inner\">\n\t\t\t\t<div class=\"elementor-section-wrap\">\n\t\t\t\t\t\t\t\t\t<section class=\"elementor-section elementor-top-section elementor-element elementor-element-1d8de84 elementor-section-boxed elementor-section-height-default elementor-section-height-default\" data-id=\"1d8de84\" data-element_type=\"section\" data-settings=\"{&quot;jet_parallax_layout_list&quot;:[{&quot;jet_parallax_layout_image&quot;:{&quot;url&quot;:&quot;&quot;,&quot;id&quot;:&quot;&quot;,&quot;size&quot;:&quot;&quot;},&quot;_id&quot;:&quot;065750c&quot;,&quot;jet_parallax_layout_image_tablet&quot;:{&quot;url&quot;:&quot;&quot;,&quot;id&quot;:&quot;&quot;,&quot;size&quot;:&quot;&quot;},&quot;jet_parallax_layout_image_mobile&quot;:{&quot;url&quot;:&quot;&quot;,&quot;id&quot;:&quot;&quot;,&quot;size&quot;:&quot;&quot;},&quot;jet_parallax_layout_speed&quot;:{&quot;unit&quot;:&quot;%&quot;,&quot;size&quot;:50,&quot;sizes&quot;:[]},&quot;jet_parallax_layout_type&quot;:&quot;scroll&quot;,&quot;jet_parallax_layout_direction&quot;:null,&quot;jet_parallax_layout_fx_direction&quot;:null,&quot;jet_parallax_layout_z_index&quot;:&quot;&quot;,&quot;jet_parallax_layout_bg_x&quot;:50,&quot;jet_parallax_layout_bg_y&quot;:50,&quot;jet_parallax_layout_bg_size&quot;:&quot;auto&quot;,&quot;jet_parallax_layout_animation_prop&quot;:&quot;transform&quot;,&quot;jet_parallax_layout_on&quot;:[&quot;desktop&quot;,&quot;tablet&quot;],&quot;jet_parallax_layout_bg_x_tablet&quot;:&quot;&quot;,&quot;jet_parallax_layout_bg_x_mobile&quot;:&quot;&quot;,&quot;jet_parallax_layout_bg_y_tablet&quot;:&quot;&quot;,&quot;jet_parallax_layout_bg_y_mobile&quot;:&quot;&quot;,&quot;jet_parallax_layout_bg_size_tablet&quot;:&quot;&quot;,&quot;jet_parallax_layout_bg_size_mobile&quot;:&quot;&quot;}]}\">\n\t\t\t\t\t\t<div class=\"elementor-container elementor-column-gap-default\">\n\t\t\t\t\t\t\t<div class=\"elementor-row\">\n\t\t\t\t\t<div class=\"elementor-column elementor-col-100 elementor-top-column elementor-element elementor-element-33a4605\" data-id=\"33a4605\" data-element_type=\"column\">\n\t\t\t<div class=\"elementor-column-wrap elementor-element-populated\">\n\t\t\t\t\t\t\t<div class=\"elementor-widget-wrap\">\n\t\t\t\t\t\t<div class=\"elementor-element elementor-element-bde6ec1 elementor-widget elementor-widget-heading\" data-id=\"bde6ec1\" data-element_type=\"widget\" data-widget_type=\"heading.default\">\n\t\t\t\t<div class=\"elementor-widget-container\">\n\t\t\t<h2 class=\"elementor-heading-title elementor-size-default\">POL\u00cdTICA DE PRIVACIDAD<\/h2>\t\t<\/div>\n\t\t\t\t<\/div>\n\t\t\t\t<div class=\"elementor-element elementor-element-0c2559a elementor-widget-divider--view-line elementor-widget elementor-widget-divider\" data-id=\"0c2559a\" data-element_type=\"widget\" data-widget_type=\"divider.default\">\n\t\t\t\t<div class=\"elementor-widget-container\">\n\t\t\t\t\t<div class=\"elementor-divider\">\n\t\t\t<span class=\"elementor-divider-separator\">\n\t\t\t\t\t\t<\/span>\n\t\t<\/div>\n\t\t\t\t<\/div>\n\t\t\t\t<\/div>\n\t\t\t\t<div class=\"elementor-element elementor-element-d47d67c elementor-widget elementor-widget-text-editor\" data-id=\"d47d67c\" data-element_type=\"widget\" data-widget_type=\"text-editor.default\">\n\t\t\t\t<div class=\"elementor-widget-container\">\n\t\t\t\t\t\t\t\t<div class=\"elementor-text-editor elementor-clearfix\">\n\t\t\t\t<div class=\"wrapper\"><div class=\"main-content\"><div class=\"default_page\"><div class=\"container\"><div class=\"vc_row wpb_row vc_row-fluid\"><div class=\"wpb_column vc_column_container vc_col-sm-12\"><div class=\"vc_column-inner\"><div class=\"wpb_wrapper\"><div class=\"wpb_text_column wpb_content_element\"><div class=\"wpb_wrapper\"><ol><li style=\"text-align: left;\"><b style=\"background-color: transparent; font-size: 16px;\">IDENTIFICACI\u00d3N<\/b><\/li><\/ol><ul><li><b>Titular:<\/b>\u00a0<em>GOOD MOOD PRODUCTIONS, S.L.<\/em>\u00a0(en adelante, \u201c<b>GOOD MOOD<\/b>\u201d)<\/li><li><b>NIF<\/b>: B-87871166<\/li><li><b>Domicilio social:<\/b>\u00a0Paseo de la Castellana 259C, Piso 9, 28046 (Madrid).<\/li><li><b>Inscrita en el Registro Mercantil de Madrid<\/b>: Tomo: 36.260, Libro 0, Folio 83, Secci\u00f3n 8\u00aa, Hoja M-651506, Inscripci\u00f3n 1\u00aa<\/li><li><b>Tel\u00e9fono:<\/b>\u00a0(+34) 91 64 65 71<\/li><li><b>E-mail:<\/b>\u00a0<em><em><a href=\"\/eng\/&\/#109;a&#x69;l&#x74;o&#x3a;&#103;&#x6f;&#111;&#x64;&#109;o&#x6f;d&#x40;t&#x68;&#101;&#x67;&#111;&#x6f;&#100;&#x6d;&#111;o&#x64;&#46;&#x63;o&#x6d;\">&#103;&#x6f;&#111;&#x64;m&#x6f;o&#100;&#x40;&#116;&#x68;&#101;&#x67;o&#x6f;d&#109;&#x6f;&#111;&#x64;&#46;&#x63;o&#x6d;<\/a><\/em><\/em><p>\u00a0<\/p><\/li><\/ul><ol start=\"2\"><li><b><\/b><b>INFORMACI\u00d3N Y CONSENTIMIENTO<\/b><\/li><\/ol><p>De conformidad con lo dispuesto en la normativa vigente en materia de protecci\u00f3n de datos, mediante la aceptaci\u00f3n de la presente Pol\u00edtica de Privacidad, el usuario queda informado y presta su consentimiento informado, expreso, libre e inequ\u00edvoco para que los datos personales que facilite a trav\u00e9s de la p\u00e1gina web ubicada en la URL \u00a0<em><strong>www.thegoodmood.com<\/strong><\/em>\u00a0(en adelante, el \u201c<b>Sitio Web<\/b>\u201d) sean tratados por GOOD MOOD.<\/p><ol start=\"3\"><li><b><\/b><b>OBLIGATORIEDAD DE FACILITAR LOS DATOS<\/b><\/li><\/ol><p>Los datos solicitados en los formularios del Sitio Web son, con car\u00e1cter general, obligatorios (salvo que en el campo requerido se especifique lo contrario) para cumplir con las finalidades establecidas. Por lo tanto, si no se facilitan los mismos o no se facilitan correctamente, no podr\u00e1n atenderse las mismas, sin perjuicio de que podr\u00e1 visualizar libremente el contenido del Sitio Web.<\/p><ol start=\"4\"><li><b><\/b><b>\u00bfCON QU\u00c9 FINALIDAD TRATAR\u00c1 GOOD MOOD LOS DATOS DE LOS USUARIOS?<\/b><\/li><\/ol><p>Los datos personales facilitados por los usuarios ser\u00e1n tratados por GOOD MOOD conforme a las siguientes finalidades:<\/p><ul><li>Dar respuesta a las consultas, solicitudes, quejas o peticiones realizadas por los usuarios a trav\u00e9s del formulario \u201cContacto\u201d elaborado al efecto en el Sitio Web. Los datos del usuario ser\u00e1n conservados con ese fin hasta que \u00e9ste se oponga o revoque su consentimiento.<\/li><\/ul><ol start=\"5\"><li><b><\/b><b>\u00bfQU\u00c9 DATOS DEL USUARIO TRATAR\u00c1 GOOD MOOD?\u00a0<\/b><\/li><\/ol><p>GOOD MOOD tratar\u00e1 las siguientes categor\u00edas de datos del usuario:<\/p><ul><li>Datos identificativos: nombre y apellidos.<\/li><li>Datos de contacto: direcci\u00f3n de correo electr\u00f3nico y tel\u00e9fono.<\/li><\/ul><p>En caso de que el usuario facilite datos de terceros, manifiesta contar con el consentimiento de los mismos y se compromete a trasladarle la informaci\u00f3n contenida en la Pol\u00edtica de Privacidad, eximiendo a GOOD MOOD de cualquier responsabilidad en este sentido. No obstante, GOOD MOOD podr\u00e1 llevar a cabo las verificaciones peri\u00f3dicas para constatar este hecho, adoptando las medidas de diligencia debida que correspondan, conforme a la normativa de protecci\u00f3n de datos.<\/p><ol start=\"6\"><li><b><\/b><b>\u00bfQU\u00c9 ACCIONES NO LLEVAR\u00c1 A CABO GOOD MOOD?<\/b><\/li><\/ol><p>GOOD MOOD, en ning\u00fan caso llevar\u00e1 a cabo ninguna de las siguientes acciones en relaci\u00f3n a los datos personales facilitados:<\/p><ul><li>Cederlos a otras personas o entidades, sin el consentimiento previo del usuario.<\/li><li>Transferirlos fuera del Espacio Econ\u00f3mico Europeo, sin el consentimiento previo del usuario.<\/li><\/ul><ol start=\"7\"><li><b><\/b><b>\u00bfCU\u00c1L ES LA LEGITIMACI\u00d3N DEL TRATAMIENTO DE LOS DATOS DEL USUARIO?<\/b><\/li><\/ol><p>El tratamiento de los datos del usuario por parte de GOOD MOOD est\u00e1 basado en el consentimiento que se le solicita y que puede retirar en cualquier momento. No obstante, en caso de retirar su consentimiento, ello no afectar\u00e1 a la licitud de los tratamientos efectuados con anterioridad.<\/p><p>Los consentimientos obtenidos para las finalidades mencionadas son independientes por lo que el usuario podr\u00e1 revocar solo uno de ellos no afectando a los dem\u00e1s.<\/p><ol start=\"8\"><li><b><\/b><b>RESPONSABILIDAD DEL USUARIO<\/b><\/li><\/ol><p>El usuario:<\/p><ul><li>Garantiza que es mayor de edad y que los datos que facilita a GOOD MOOD son verdaderos, exactos, completos y actualizados. A estos efectos, el usuario responde de la veracidad de todos los datos que comunique y mantendr\u00e1 convenientemente actualizada la informaci\u00f3n facilitada, de tal forma que responda a su situaci\u00f3n real.<\/li><\/ul><ul><li>Garantiza que ha informado a los terceros de los que facilite sus datos, en caso de hacerlo, de los aspectos contenidos en este documento. Asimismo, garantiza que ha obtenido su autorizaci\u00f3n para facilitar sus datos a GOOD MOOD para los fines se\u00f1alados.<\/li><\/ul><ul><li>Ser\u00e1 responsable de las informaciones falsas o inexactas que proporcione a trav\u00e9s del Sitio Web y de los da\u00f1os y perjuicios, directos o indirectos, que ello cause a GOOD MOOD o a terceros.<\/li><\/ul><ol start=\"9\"><li><b><\/b><b>EJERCICIO DE DERECHOS<\/b><\/li><\/ol><p>El usuario puede enviar un escrito a\u00a0<a href=\"\/eng\/&\/#x6d;&#97;i&#x6c;&#x74;&#111;:&#x67;&#x6f;&#111;d&#x6d;&#x6f;&#111;d&#x40;&#x74;&#104;e&#x67;&#111;&#111;d&#x6d;&#111;o&#x64;&#x2e;&#99;o&#x6d;\"><b><i>&#103;o&#x6f;d&#x6d;o&#x6f;&#100;&#x40;&#116;&#x68;&#101;g&#x6f;o&#x64;m&#x6f;&#111;&#x64;&#46;&#x63;&#111;&#x6d;<\/i><\/b><\/a>, con la Referencia \u201cProtecci\u00f3n de Datos\u201d, adjuntando fotocopia de su documento de identidad, en cualquier momento y de manera gratuita, para:<\/p><ul><li>Revocar los consentimientos otorgados.<\/li><li>Obtener confirmaci\u00f3n acerca de si en GOOD MOOD se est\u00e1n tratando datos personales que conciernen al Usuario o no.<\/li><li>Acceder a sus datos personales.<\/li><li>Rectificar los datos inexactos o incompletos.<\/li><li>Solicitar la supresi\u00f3n de sus datos cuando, entre otros motivos, los datos ya no sean necesarios para los fines que fueron recogidos.<\/li><li>Obtener de GOOD MOOD la limitaci\u00f3n del tratamiento de los datos cuando se cumpla alguna de las condiciones previstas en la normativa de protecci\u00f3n de datos.<\/li><li>Solicitar la portabilidad de sus datos.<\/li><li>Reclamar ante la Agencia Espa\u00f1ola de Protecci\u00f3n de Datos, a trav\u00e9s de la siguiente direcci\u00f3n [C\/ Jorge Juan, 6 \u2013 28001-Madrid], cuando el interesado considere que GOOD MOOD ha vulnerado los derechos que le son reconocidos por la normativa aplicable en protecci\u00f3n de datos.<\/li><\/ul><p>Sin perjuicio de lo anterior, el interesado podr\u00e1 ponerse en contacto con el delegado de protecci\u00f3n de datos de GOOD MOOD cuyos datos de contacto son\u00a0<em><a href=\"\/eng\/m&\/#97;&#105;&#108;&#x74;&#x6f;&#x3a;go&#111;&#100;&#x6d;&#x6f;&#x6f;&#x64;&#64;t&#104;&#101;&#x67;&#x6f;&#x6f;&#x64;m&#111;&#111;&#100;&#x2e;&#x63;&#x6f;m\">&#103;&#x6f;o&#x64;m&#111;&#x6f;&#100;&#x40;t&#104;&#x65;&#103;&#x6f;o&#x64;&#x6d;&#111;&#x6f;d&#x2e;c&#111;&#x6d;<\/a>\u00a0<\/em>.<\/p><ol start=\"10\"><li><b><\/b><b>MEDIDAS DE SEGURIDAD<\/b><\/li><\/ol><p>GOOD MOOD tratar\u00e1 los datos del usuario en todo momento de forma absolutamente confidencial y guardando el preceptivo deber de secreto respecto de los mismos, de conformidad con lo previsto en la normativa de aplicaci\u00f3n, adoptando al efecto las medidas de \u00edndole t\u00e9cnica y organizativas necesarias que garanticen la seguridad de sus datos y eviten su alteraci\u00f3n, p\u00e9rdida, tratamiento o acceso no autorizado, habida cuenta del estado de la tecnolog\u00eda, la naturaleza de los datos almacenados y los riesgos a que est\u00e1n expuestos.<\/p><p><em>\u00daltima actualizaci\u00f3n: 5 de abril de 2018.<\/em><\/p><\/div><\/div><\/div><\/div><\/div><\/div><\/div><\/div><\/div><\/div><div class=\"cdp-cookies-alerta cdp-solapa-ocultar cdp-cookies-textos-izq cdp-cookies-tema-gris\"><div class=\"cdp-cookies-texto cdp-mostrar\">\u00a0<\/div><\/div>\t\t\t\t\t<\/div>\n\t\t\t\t\t\t<\/div>\n\t\t\t\t<\/div>\n\t\t\t\t\t\t<\/div>\n\t\t\t\t\t<\/div>\n\t\t<\/div>\n\t\t\t\t\t\t\t\t<\/div>\n\t\t\t\t\t<\/div>\n\t\t<\/section>\n\t\t\t\t\t\t\t\t\t<\/div>\n\t\t\t<\/div>\n\t\t\t\t\t<\/div>","protected":false},"excerpt":{"rendered":"<p>POL\u00cdTICA DE PRIVACIDAD IDENTIFICACI\u00d3N Titular:&nbsp;GOOD MOOD PRODUCTIONS, S.L.&nbsp;(en adelante, \u201cGOOD MOOD\u201d) NIF: B-87871166 Domicilio social:&nbsp;Paseo de la Castellana 259C, Piso 9, 28046 (Madrid). Inscrita en el Registro Mercantil de Madrid: Tomo: 36.260, Libro 0, Folio 83, Secci\u00f3n 8\u00aa, Hoja M-651506, Inscripci\u00f3n 1\u00aa Tel\u00e9fono:&nbsp;(+34) 91 64 65 71 E-mail:&nbsp;go&#111;&#100;&#109;&#x6f;&#x6f;&#x64;&#x40;th&#101;&#103;&#111;&#x6f;&#x64;&#x6d;&#x6f;od&#46;&#99;&#111;&#x6d; INFORMACI\u00d3N Y CONSENTIMIENTO De conformidad con lo [&hellip;]<\/p>","protected":false},"author":1,"featured_media":0,"parent":0,"menu_order":0,"comment_status":"closed","ping_status":"closed","template":"elementor_header_footer","meta":[],"aioseo_notices":[],"_links":{"self":[{"href":"https:\/\/thegoodmood.com\/eng\/wp-json\/wp\/v2\/pages\/584"}],"collection":[{"href":"https:\/\/thegoodmood.com\/eng\/wp-json\/wp\/v2\/pages"}],"about":[{"href":"https:\/\/thegoodmood.com\/eng\/wp-json\/wp\/v2\/types\/page"}],"author":[{"embeddable":true,"href":"https:\/\/thegoodmood.com\/eng\/wp-json\/wp\/v2\/users\/1"}],"replies":[{"embeddable":true,"href":"https:\/\/thegoodmood.com\/eng\/wp-json\/wp\/v2\/comments?post=584"}],"version-history":[{"count":6,"href":"https:\/\/thegoodmood.com\/eng\/wp-json\/wp\/v2\/pages\/584\/revisions"}],"predecessor-version":[{"id":6725,"href":"https:\/\/thegoodmood.com\/eng\/wp-json\/wp\/v2\/pages\/584\/revisions\/6725"}],"wp:attachment":[{"href":"https:\/\/thegoodmood.com\/eng\/wp-json\/wp\/v2\/media?parent=584"}],"curies":[{"name":"wp","href":"https:\/\/api.w.org\/{rel}","templated":true}]}}